{"id":6,"date":"2021-10-31T18:04:33","date_gmt":"2021-10-31T18:04:33","guid":{"rendered":"https:\/\/preisvergleich-24.org\/?page_id=6"},"modified":"2021-10-31T18:04:54","modified_gmt":"2021-10-31T18:04:54","slug":"pferdewetten-auf-einzelne-rennen","status":"publish","type":"page","link":"https:\/\/preisvergleich-24.org\/","title":{"rendered":"Pferdewetten auf einzelne Rennen"},"content":{"rendered":"\n<figure class=\"wp-block-image size-large\"><img loading=\"lazy\" width=\"945\" height=\"534\" src=\"https:\/\/preisvergleich-24.org\/wp-content\/uploads\/2021\/10\/040021112_Fillymareturf01.jpg\" alt=\"\" class=\"wp-image-7\" srcset=\"https:\/\/preisvergleich-24.org\/wp-content\/uploads\/2021\/10\/040021112_Fillymareturf01.jpg 945w, https:\/\/preisvergleich-24.org\/wp-content\/uploads\/2021\/10\/040021112_Fillymareturf01-300x170.jpg 300w, https:\/\/preisvergleich-24.org\/wp-content\/uploads\/2021\/10\/040021112_Fillymareturf01-768x434.jpg 768w\" sizes=\"(max-width: 945px) 100vw, 945px\" \/><\/figure>\n\n\n\n<p>Zu dieser Gruppe geh\u00f6ren die folgenden Direktwetten:<br>Sieger &#8211; die Wette, an die jeder bei einem Rennen denkt, d.h. die Vorhersage, welches Pferd als erstes ins Ziel kommt.<\/p>\n\n\n\n<p><br>Zweite Position &#8211; wie oben, nur dass wir in diesem Fall Geld gewinnen, wenn unser Favorit Zweiter, aber auch Erster wird.<br>Dritte Position &#8211; obwohl der Betrag hier proportional niedriger ist, k\u00f6nnen wir Geld gewinnen, wenn unser Pferd auf einer der ersten drei Positionen ins Ziel kommt.<\/p>\n\n\n\n<p><br>Platzierung &#8211; dieser Markt wird nur in bestimmten L\u00e4ndern und Wettbewerben angeboten. Hier erh\u00e4lt der Wettende einen Preis, der von der Platzierung (von der ersten bis zur vierten) seines Pferdes abh\u00e4ngt.<\/p>\n\n\n\n<p><br>Dann gibt es noch die Kombinationswetten:<\/p>\n\n\n\n<p>Exakt &#8211; hier wird darauf gewettet, welches Pferd auf dem ersten und zweiten Platz landet, und um einen Preis zu kassieren (der ziemlich hoch sein wird, da die Quoten in der Regel sehr hoch sind), m\u00fcssen beide Positionen exakt getroffen werden.<\/p>\n\n\n\n<p>Unvollkommen &#8211; hier wird auch auf die Positionen von zwei Pferden gewettet, die vertauscht werden k\u00f6nnten, d. h. wenn wir X und Y Pferde haben, w\u00fcrden wir die Wette gewinnen, wenn das Ergebnis X Pferd Erster und Y Pferd Zweiter ist, oder wenn das Ergebnis Y Pferd Erster und X Pferd Zweiter ist, aber wir w\u00fcrden nichts gewinnen, wenn sie in irgendeiner anderen Position sind.<\/p>\n\n\n\n<p>Zwillinge &#8211; diese Kombinationswette kann bei sechs oder mehr Teilnehmern platziert werden, wobei wir darauf wetten, dass zwei Pferde, z. B. X und Y, die ersten beiden Pl\u00e4tze belegen.<\/p>\n\n\n\n<p>Trifectas &#8211; hier wird auf die genaue Position von drei Pferden gewettet, d.h. es wird darauf gewettet, welches Pferd als erstes, welches als zweites und welches als drittes ins Ziel kommt.<\/p>\n\n\n\n<p>Quadrifectas &#8211; bei dieser Wettart wird auch die vierte Position getippt, die genau wie die ersten drei Positionen getippt werden muss.<\/p>\n\n\n\n<h2>Pferdewetten auf mehr als ein Rennen<\/h2>\n\n\n\n<figure class=\"wp-block-image size-large\"><img loading=\"lazy\" width=\"945\" height=\"534\" src=\"https:\/\/preisvergleich-24.org\/wp-content\/uploads\/2021\/10\/belmontturfracingeclipse.jpg\" alt=\"\" class=\"wp-image-8\" srcset=\"https:\/\/preisvergleich-24.org\/wp-content\/uploads\/2021\/10\/belmontturfracingeclipse.jpg 945w, https:\/\/preisvergleich-24.org\/wp-content\/uploads\/2021\/10\/belmontturfracingeclipse-300x170.jpg 300w, https:\/\/preisvergleich-24.org\/wp-content\/uploads\/2021\/10\/belmontturfracingeclipse-768x434.jpg 768w\" sizes=\"(max-width: 945px) 100vw, 945px\" \/><\/figure>\n\n\n\n<p>Wir sprechen hier von Mehrfachwetten, bei denen verschiedene Rennen ber\u00fccksichtigt werden und die im Pferderennsport eine ganz bestimmte Bezeichnung haben:<\/p>\n\n\n\n<p>Doppelte Wette &#8211; wir wetten auf zwei Pferde, die in zwei aufeinander folgenden Rennen oder in zwei Rennen desselben Tages den ersten Platz belegen m\u00fcssen, je nach den Regeln des Hauses.<\/p>\n\n\n\n<p>Dreierwetten &#8211; in diesem Fall wetten wir auf drei Pferde, die in drei aufeinanderfolgenden Rennen oder am selben Tag als Erste ins Ziel kommen m\u00fcssen.<\/p>\n\n\n\n<p>Quads oder Pick 4 &#8211; wir w\u00e4hlen vier Pferde aus, die in vier aufeinanderfolgenden Rennen oder am selben Tag den ersten Platz belegen m\u00fcssen.<\/p>\n\n\n\n<p>Dreierwette mit Tausch, Haken und Legen &#8211; kurz gesagt, handelt es sich um eine Wette oder besser gesagt um eine komplexe Gruppe von Wetten, bei der auf die Pferde getippt wird, die in drei angek\u00fcndigten Rennen gewinnen werden. Es handelt sich um eine offene Wette, d.h. der Gutschein f\u00fcr den Gewinner des ersten Durchgangs wird beim Verkauf des zweiten Durchgangs eingel\u00f6st. Dieser wiederum wird beim Verkauf des dritten Passes eingel\u00f6st. Um die Sache etwas komplizierter zu machen, k\u00f6nnen Sie manchmal den Betrag der Wette w\u00e4hrend des zweiten oder dritten Durchgangs einzahlen, was als &#8220;Hooking&#8221; bezeichnet wird.<\/p>\n\n\n\n<p><br>Ketten 5 und 6 &#8211; hier werden sechs Pferde ausgew\u00e4hlt, die in sechs Rennen des Programms den ersten Platz belegen m\u00fcssen.<br><\/p>\n\n\n\n<h2>Befolgen Sie die von den Buchmachern angebotenen Tutorials Pferde<\/h2>\n\n\n\n<div class=\"wp-block-image\"><figure class=\"alignleft size-large is-resized\"><img loading=\"lazy\" src=\"https:\/\/preisvergleich-24.org\/wp-content\/uploads\/2021\/10\/horse-racing-betting-1.jpg\" alt=\"\" class=\"wp-image-9\" width=\"244\" height=\"149\" srcset=\"https:\/\/preisvergleich-24.org\/wp-content\/uploads\/2021\/10\/horse-racing-betting-1.jpg 444w, https:\/\/preisvergleich-24.org\/wp-content\/uploads\/2021\/10\/horse-racing-betting-1-300x183.jpg 300w\" sizes=\"(max-width: 244px) 100vw, 244px\" \/><\/figure><\/div>\n\n\n\n<p>Jeder Buchmacher bietet in der Regel eine Anleitung zum Platzieren einer Pferdewette an, und es gibt auch einen speziellen Abschnitt \u00fcber die Bedingungen und Regeln dieser Art von Wetten.<\/p>\n\n\n\n<p><br>Kurz gesagt: Bei einem Pferderennen w\u00e4hlen Sie den Namen oder die Nummer eines oder mehrerer Pferde, die Art der Wette(n), die auf alle Pferde platziert werden soll(en), und schlie\u00dflich den Geldbetrag, der auf dem Spiel steht.<\/p>\n\n\n\n<p><br>Der zu zahlende Gesamtbetrag richtet sich wie \u00fcblich nach den vom Buchmacher angebotenen Quoten. In einigen F\u00e4llen, wie z. B. bei der Wette auf &#8220;platziert&#8221;, kann unser Pferd auf verschiedenen Positionen platziert werden und trotzdem den Gewinn erhalten. Bei der Gewinnsumme wird eine bestimmte Dividende ber\u00fccksichtigt, die von der Anzahl der Gewinnm\u00f6glichkeiten abh\u00e4ngt.<\/p>\n","protected":false},"excerpt":{"rendered":"<p>Zu dieser Gruppe geh\u00f6ren die folgenden Direktwetten:Sieger &#8211; die Wette, an die jeder bei einem Rennen denkt, d.h. die Vorhersage, welches Pferd als erstes ins Ziel kommt. Zweite Position &#8211;&hellip;<a href=\"https:\/\/preisvergleich-24.org\/\" class=\"more-link\"><span class=\"more-button\">Continue reading<span class=\"screen-reader-text\">Pferdewetten auf einzelne Rennen<\/span><\/span><\/a><\/p>\n","protected":false},"author":1,"featured_media":0,"parent":0,"menu_order":0,"comment_status":"closed","ping_status":"closed","template":"","meta":[],"_links":{"self":[{"href":"https:\/\/preisvergleich-24.org\/index.php?rest_route=\/wp\/v2\/pages\/6"}],"collection":[{"href":"https:\/\/preisvergleich-24.org\/index.php?rest_route=\/wp\/v2\/pages"}],"about":[{"href":"https:\/\/preisvergleich-24.org\/index.php?rest_route=\/wp\/v2\/types\/page"}],"author":[{"embeddable":true,"href":"https:\/\/preisvergleich-24.org\/index.php?rest_route=\/wp\/v2\/users\/1"}],"replies":[{"embeddable":true,"href":"https:\/\/preisvergleich-24.org\/index.php?rest_route=%2Fwp%2Fv2%2Fcomments&post=6"}],"version-history":[{"count":1,"href":"https:\/\/preisvergleich-24.org\/index.php?rest_route=\/wp\/v2\/pages\/6\/revisions"}],"predecessor-version":[{"id":10,"href":"https:\/\/preisvergleich-24.org\/index.php?rest_route=\/wp\/v2\/pages\/6\/revisions\/10"}],"wp:attachment":[{"href":"https:\/\/preisvergleich-24.org\/index.php?rest_route=%2Fwp%2Fv2%2Fmedia&parent=6"}],"curies":[{"name":"wp","href":"https:\/\/api.w.org\/{rel}","templated":true}]}}